{"id":189,"date":"2019-11-05T18:35:09","date_gmt":"2019-11-05T18:35:09","guid":{"rendered":"http:\/\/biston-plin.com\/?page_id=189"},"modified":"2019-11-05T18:43:41","modified_gmt":"2019-11-05T18:43:41","slug":"plin-u-spremnicima","status":"publish","type":"page","link":"http:\/\/biston-plin.com\/index.php\/plin-u-spremnicima\/","title":{"rendered":"PLIN U SPREMNICIMA"},"content":{"rendered":"\n<p>Vr\u0161imo prijevoz UNP-a cisternom do 8.000 kg, najam spremnika i dostava plina za spremnik na ku\u0107nu adresu, prijevoz plina u bocama.<\/p>\n<p>G.S. Plin d.o.o. vr\u0161i isporuke na cijelom podru\u010dju Makarske rivijere bez naplate prijevoza. Potrebno je naglasiti da G.S. Plin d.o.o. isporu\u010duje UNP u spremnicima u mjernoj jedinici kilogram te je sukladno tome i cijena fakturirana isklju\u010divo u kunama po kilogramu. Prilikom kalkulacije ukupnog tro\u0161ka nabave UNP-a potrebno je voditi ra\u010duna da je 1 litra UNP-a ekvivalent 0.554 kilograma UNP-a. Ovisno o veli\u010dini spremnika maksimalne narud\u017ebe (zakonski maksimum 80% popunjenosti spremnika) su sljede\u0107e: <\/p>\n<ul>\n<li>Spremnik volumena 1.800 l \u2013 850 kg <\/li>\n<li>Spremnik volumena 2.700 l \u2013 1.200 kg <\/li>\n<li>Spremnik volumena 4.850 l \u2013 2.200 kg <\/li>\n<\/ul>\n<br>\n<img loading=\"lazy\" width=\"1600\" height=\"900\" class=\"wp-image-193\" style=\"width: 1600px;\" src=\"http:\/\/biston-plin.com\/wp-content\/uploads\/2019\/11\/Cisterna.jpg\" alt=\"\" srcset=\"http:\/\/biston-plin.com\/wp-content\/uploads\/2019\/11\/Cisterna.jpg 1600w, http:\/\/biston-plin.com\/wp-content\/uploads\/2019\/11\/Cisterna-300x169.jpg 300w, http:\/\/biston-plin.com\/wp-content\/uploads\/2019\/11\/Cisterna-768x432.jpg 768w, http:\/\/biston-plin.com\/wp-content\/uploads\/2019\/11\/Cisterna-1024x576.jpg 1024w\" sizes=\"(max-width: 1600px) 100vw, 1600px\" \/>\n","protected":false},"excerpt":{"rendered":"<p>Vr\u0161imo prijevoz UNP-a cisternom do 8.000 kg, najam spremnika i dostava plina za spremnik na ku\u0107nu adresu, prijevoz plina u bocama. G.S. Plin d.o.o. vr\u0161i isporuke na cijelom podru\u010dju Makarske rivijere bez naplate prijevoza. Potrebno je naglasiti da G.S. Plin d.o.o. isporu\u010duje UNP u spremnicima u mjernoj jedinici kilogram te je sukladno tome i cijena&#8230;<\/p>\n","protected":false},"author":1,"featured_media":193,"parent":0,"menu_order":0,"comment_status":"closed","ping_status":"closed","template":"","meta":[],"yoast_head":"<!-- This site is optimized with the Yoast SEO plugin v19.5.1 - https:\/\/yoast.com\/wordpress\/plugins\/seo\/ -->\n<title>G.S. PLIN d.o.o. - Biston plin | PLIN U SPREMNICIMA<\/title>\n<meta name=\"robots\" content=\"index, follow, max-snippet:-1, max-image-preview:large, max-video-preview:-1\" \/>\n<link rel=\"canonical\" href=\"http:\/\/biston-plin.com\/index.php\/plin-u-spremnicima\/\" \/>\n<meta property=\"og:locale\" content=\"hr_HR\" \/>\n<meta property=\"og:type\" content=\"article\" \/>\n<meta property=\"og:title\" content=\"G.S. PLIN d.o.o. - Biston plin | PLIN U SPREMNICIMA\" \/>\n<meta property=\"og:description\" content=\"Vr\u0161imo prijevoz UNP-a cisternom do 8.000 kg, najam spremnika i dostava plina za spremnik na ku\u0107nu adresu, prijevoz plina u bocama. G.S. Plin d.o.o. vr\u0161i isporuke na cijelom podru\u010dju Makarske rivijere bez naplate prijevoza. Potrebno je naglasiti da G.S. Plin d.o.o. isporu\u010duje UNP u spremnicima u mjernoj jedinici kilogram te je sukladno tome i cijena...\" \/>\n<meta property=\"og:url\" content=\"http:\/\/biston-plin.com\/index.php\/plin-u-spremnicima\/\" \/>\n<meta property=\"og:site_name\" content=\"G.S. PLIN d.o.o. - Biston plin\" \/>\n<meta property=\"article:modified_time\" content=\"2019-11-05T18:43:41+00:00\" \/>\n<meta property=\"og:image\" content=\"http:\/\/biston-plin.com\/wp-content\/uploads\/2019\/11\/Cisterna.jpg\" \/>\n\t<meta property=\"og:image:width\" content=\"1600\" \/>\n\t<meta property=\"og:image:height\" content=\"900\" \/>\n\t<meta property=\"og:image:type\" content=\"image\/jpeg\" \/>\n<meta name=\"twitter:card\" content=\"summary\" \/>\n<meta name=\"twitter:label1\" content=\"Procijenjeno vrijeme \u010ditanja\" \/>\n\t<meta name=\"twitter:data1\" content=\"1 minuta\" \/>\n<script type=\"application\/ld+json\" class=\"yoast-schema-graph\">{\"@context\":\"https:\/\/schema.org\",\"@graph\":[{\"@type\":\"WebPage\",\"@id\":\"http:\/\/biston-plin.com\/index.php\/plin-u-spremnicima\/\",\"url\":\"http:\/\/biston-plin.com\/index.php\/plin-u-spremnicima\/\",\"name\":\"G.S. PLIN d.o.o. - Biston plin | PLIN U SPREMNICIMA\",\"isPartOf\":{\"@id\":\"https:\/\/biston-plin.com\/#website\"},\"datePublished\":\"2019-11-05T18:35:09+00:00\",\"dateModified\":\"2019-11-05T18:43:41+00:00\",\"breadcrumb\":{\"@id\":\"http:\/\/biston-plin.com\/index.php\/plin-u-spremnicima\/#breadcrumb\"},\"inLanguage\":\"hr\",\"potentialAction\":[{\"@type\":\"ReadAction\",\"target\":[\"http:\/\/biston-plin.com\/index.php\/plin-u-spremnicima\/\"]}]},{\"@type\":\"BreadcrumbList\",\"@id\":\"http:\/\/biston-plin.com\/index.php\/plin-u-spremnicima\/#breadcrumb\",\"itemListElement\":[{\"@type\":\"ListItem\",\"position\":1,\"name\":\"Po\u010detna stranica\",\"item\":\"https:\/\/biston-plin.com\/\"},{\"@type\":\"ListItem\",\"position\":2,\"name\":\"PLIN U SPREMNICIMA\"}]},{\"@type\":\"WebSite\",\"@id\":\"https:\/\/biston-plin.com\/#website\",\"url\":\"https:\/\/biston-plin.com\/\",\"name\":\"G.S. PLIN d.o.o. - Biston plin\",\"description\":\"Prodaja i dostava plina\",\"potentialAction\":[{\"@type\":\"SearchAction\",\"target\":{\"@type\":\"EntryPoint\",\"urlTemplate\":\"https:\/\/biston-plin.com\/?s={search_term_string}\"},\"query-input\":\"required name=search_term_string\"}],\"inLanguage\":\"hr\"}]}<\/script>\n<!-- \/ Yoast SEO plugin. -->","yoast_head_json":{"title":"G.S. PLIN d.o.o. - Biston plin | PLIN U SPREMNICIMA","robots":{"index":"index","follow":"follow","max-snippet":"max-snippet:-1","max-image-preview":"max-image-preview:large","max-video-preview":"max-video-preview:-1"},"canonical":"http:\/\/biston-plin.com\/index.php\/plin-u-spremnicima\/","og_locale":"hr_HR","og_type":"article","og_title":"G.S. PLIN d.o.o. - Biston plin | PLIN U SPREMNICIMA","og_description":"Vr\u0161imo prijevoz UNP-a cisternom do 8.000 kg, najam spremnika i dostava plina za spremnik na ku\u0107nu adresu, prijevoz plina u bocama. G.S. Plin d.o.o. vr\u0161i isporuke na cijelom podru\u010dju Makarske rivijere bez naplate prijevoza. Potrebno je naglasiti da G.S. Plin d.o.o. isporu\u010duje UNP u spremnicima u mjernoj jedinici kilogram te je sukladno tome i cijena...","og_url":"http:\/\/biston-plin.com\/index.php\/plin-u-spremnicima\/","og_site_name":"G.S. PLIN d.o.o. - Biston plin","article_modified_time":"2019-11-05T18:43:41+00:00","og_image":[{"width":1600,"height":900,"url":"http:\/\/biston-plin.com\/wp-content\/uploads\/2019\/11\/Cisterna.jpg","type":"image\/jpeg"}],"twitter_card":"summary","twitter_misc":{"Procijenjeno vrijeme \u010ditanja":"1 minuta"},"schema":{"@context":"https:\/\/schema.org","@graph":[{"@type":"WebPage","@id":"http:\/\/biston-plin.com\/index.php\/plin-u-spremnicima\/","url":"http:\/\/biston-plin.com\/index.php\/plin-u-spremnicima\/","name":"G.S. PLIN d.o.o. - Biston plin | PLIN U SPREMNICIMA","isPartOf":{"@id":"https:\/\/biston-plin.com\/#website"},"datePublished":"2019-11-05T18:35:09+00:00","dateModified":"2019-11-05T18:43:41+00:00","breadcrumb":{"@id":"http:\/\/biston-plin.com\/index.php\/plin-u-spremnicima\/#breadcrumb"},"inLanguage":"hr","potentialAction":[{"@type":"ReadAction","target":["http:\/\/biston-plin.com\/index.php\/plin-u-spremnicima\/"]}]},{"@type":"BreadcrumbList","@id":"http:\/\/biston-plin.com\/index.php\/plin-u-spremnicima\/#breadcrumb","itemListElement":[{"@type":"ListItem","position":1,"name":"Po\u010detna stranica","item":"https:\/\/biston-plin.com\/"},{"@type":"ListItem","position":2,"name":"PLIN U SPREMNICIMA"}]},{"@type":"WebSite","@id":"https:\/\/biston-plin.com\/#website","url":"https:\/\/biston-plin.com\/","name":"G.S. PLIN d.o.o. - Biston plin","description":"Prodaja i dostava plina","potentialAction":[{"@type":"SearchAction","target":{"@type":"EntryPoint","urlTemplate":"https:\/\/biston-plin.com\/?s={search_term_string}"},"query-input":"required name=search_term_string"}],"inLanguage":"hr"}]}},"_links":{"self":[{"href":"http:\/\/biston-plin.com\/index.php\/wp-json\/wp\/v2\/pages\/189"}],"collection":[{"href":"http:\/\/biston-plin.com\/index.php\/wp-json\/wp\/v2\/pages"}],"about":[{"href":"http:\/\/biston-plin.com\/index.php\/wp-json\/wp\/v2\/types\/page"}],"author":[{"embeddable":true,"href":"http:\/\/biston-plin.com\/index.php\/wp-json\/wp\/v2\/users\/1"}],"replies":[{"embeddable":true,"href":"http:\/\/biston-plin.com\/index.php\/wp-json\/wp\/v2\/comments?post=189"}],"version-history":[{"count":5,"href":"http:\/\/biston-plin.com\/index.php\/wp-json\/wp\/v2\/pages\/189\/revisions"}],"predecessor-version":[{"id":197,"href":"http:\/\/biston-plin.com\/index.php\/wp-json\/wp\/v2\/pages\/189\/revisions\/197"}],"wp:featuredmedia":[{"embeddable":true,"href":"http:\/\/biston-plin.com\/index.php\/wp-json\/wp\/v2\/media\/193"}],"wp:attachment":[{"href":"http:\/\/biston-plin.com\/index.php\/wp-json\/wp\/v2\/media?parent=189"}],"curies":[{"name":"wp","href":"https:\/\/api.w.org\/{rel}","templated":true}]}}