{"id":54,"date":"2015-09-06T14:06:25","date_gmt":"2015-09-06T14:06:25","guid":{"rendered":"http:\/\/biston-plin.com\/?page_id=54"},"modified":"2019-11-05T19:06:47","modified_gmt":"2019-11-05T19:06:47","slug":"plin-u-bocama","status":"publish","type":"page","link":"http:\/\/biston-plin.com\/index.php\/plin-u-bocama\/","title":{"rendered":"PLIN U BOCAMA"},"content":{"rendered":"<p>Propan-butan plin u bocama primjenjiv je posvuda gdje je potrebna fleksibilna i lako prenosiva energija, a jednostavno se i sigurno distribuira do najudaljenijih mjesta. Na hrvatskom tr\u017ei\u0161tu postoji \u0161irok spektar plinskih boca razli\u010ditih oblika i veli\u010dina, ovisno o kapacitetu punjenja i primjeni: 2 kg, 3 kg, 5 kg (kamping), 7,5 kg, 10 kg i 35 kg.<\/p>\n<p><a href=\"http:\/\/biston-plin.com\/wp-content\/uploads\/2019\/11\/Vrste-boca.png\"><img loading=\"lazy\" class=\"alignnone size-full wp-image-174\" src=\"http:\/\/biston-plin.com\/wp-content\/uploads\/2019\/11\/Vrste-boca.png\" alt=\"\" width=\"1280\" height=\"720\" srcset=\"http:\/\/biston-plin.com\/wp-content\/uploads\/2019\/11\/Vrste-boca.png 1280w, http:\/\/biston-plin.com\/wp-content\/uploads\/2019\/11\/Vrste-boca-300x169.png 300w, http:\/\/biston-plin.com\/wp-content\/uploads\/2019\/11\/Vrste-boca-768x432.png 768w, http:\/\/biston-plin.com\/wp-content\/uploads\/2019\/11\/Vrste-boca-1024x576.png 1024w\" sizes=\"(max-width: 1280px) 100vw, 1280px\" \/><\/a><\/p>\n","protected":false},"excerpt":{"rendered":"<p>Propan-butan plin u bocama primjenjiv je posvuda gdje je potrebna fleksibilna i lako prenosiva energija, a jednostavno se i sigurno distribuira do najudaljenijih mjesta. Na hrvatskom tr\u017ei\u0161tu postoji \u0161irok spektar plinskih boca razli\u010ditih oblika i veli\u010dina, ovisno o kapacitetu punjenja i primjeni: 2 kg, 3 kg, 5 kg (kamping), 7,5 kg, 10 kg i 35&#8230;<\/p>\n","protected":false},"author":1,"featured_media":208,"parent":0,"menu_order":0,"comment_status":"closed","ping_status":"open","template":"","meta":[],"yoast_head":"<!-- This site is optimized with the Yoast SEO plugin v19.5.1 - https:\/\/yoast.com\/wordpress\/plugins\/seo\/ -->\n<title>G.S. PLIN d.o.o. - Biston plin | PLIN U BOCAMA<\/title>\n<meta name=\"robots\" content=\"index, follow, max-snippet:-1, max-image-preview:large, max-video-preview:-1\" \/>\n<link rel=\"canonical\" href=\"https:\/\/biston-plin.com\/index.php\/plin-u-bocama\/\" \/>\n<meta property=\"og:locale\" content=\"hr_HR\" \/>\n<meta property=\"og:type\" content=\"article\" \/>\n<meta property=\"og:title\" content=\"G.S. PLIN d.o.o. - Biston plin | PLIN U BOCAMA\" \/>\n<meta property=\"og:description\" content=\"Propan-butan plin u bocama primjenjiv je posvuda gdje je potrebna fleksibilna i lako prenosiva energija, a jednostavno se i sigurno distribuira do najudaljenijih mjesta. Na hrvatskom tr\u017ei\u0161tu postoji \u0161irok spektar plinskih boca razli\u010ditih oblika i veli\u010dina, ovisno o kapacitetu punjenja i primjeni: 2 kg, 3 kg, 5 kg (kamping), 7,5 kg, 10 kg i 35...\" \/>\n<meta property=\"og:url\" content=\"https:\/\/biston-plin.com\/index.php\/plin-u-bocama\/\" \/>\n<meta property=\"og:site_name\" content=\"G.S. PLIN d.o.o. - Biston plin\" \/>\n<meta property=\"article:modified_time\" content=\"2019-11-05T19:06:47+00:00\" \/>\n<meta property=\"og:image\" content=\"https:\/\/biston-plin.com\/wp-content\/uploads\/2019\/11\/Plin.jpg\" \/>\n\t<meta property=\"og:image:width\" content=\"1600\" \/>\n\t<meta property=\"og:image:height\" content=\"777\" \/>\n\t<meta property=\"og:image:type\" content=\"image\/jpeg\" \/>\n<meta name=\"twitter:card\" content=\"summary\" \/>\n<script type=\"application\/ld+json\" class=\"yoast-schema-graph\">{\"@context\":\"https:\/\/schema.org\",\"@graph\":[{\"@type\":\"WebPage\",\"@id\":\"https:\/\/biston-plin.com\/index.php\/plin-u-bocama\/\",\"url\":\"https:\/\/biston-plin.com\/index.php\/plin-u-bocama\/\",\"name\":\"G.S. PLIN d.o.o. - Biston plin | PLIN U BOCAMA\",\"isPartOf\":{\"@id\":\"https:\/\/biston-plin.com\/#website\"},\"datePublished\":\"2015-09-06T14:06:25+00:00\",\"dateModified\":\"2019-11-05T19:06:47+00:00\",\"breadcrumb\":{\"@id\":\"https:\/\/biston-plin.com\/index.php\/plin-u-bocama\/#breadcrumb\"},\"inLanguage\":\"hr\",\"potentialAction\":[{\"@type\":\"ReadAction\",\"target\":[\"https:\/\/biston-plin.com\/index.php\/plin-u-bocama\/\"]}]},{\"@type\":\"BreadcrumbList\",\"@id\":\"https:\/\/biston-plin.com\/index.php\/plin-u-bocama\/#breadcrumb\",\"itemListElement\":[{\"@type\":\"ListItem\",\"position\":1,\"name\":\"Po\u010detna stranica\",\"item\":\"https:\/\/biston-plin.com\/\"},{\"@type\":\"ListItem\",\"position\":2,\"name\":\"PLIN U BOCAMA\"}]},{\"@type\":\"WebSite\",\"@id\":\"https:\/\/biston-plin.com\/#website\",\"url\":\"https:\/\/biston-plin.com\/\",\"name\":\"G.S. PLIN d.o.o. - Biston plin\",\"description\":\"Prodaja i dostava plina\",\"potentialAction\":[{\"@type\":\"SearchAction\",\"target\":{\"@type\":\"EntryPoint\",\"urlTemplate\":\"https:\/\/biston-plin.com\/?s={search_term_string}\"},\"query-input\":\"required name=search_term_string\"}],\"inLanguage\":\"hr\"}]}<\/script>\n<!-- \/ Yoast SEO plugin. -->","yoast_head_json":{"title":"G.S. PLIN d.o.o. - Biston plin | PLIN U BOCAMA","robots":{"index":"index","follow":"follow","max-snippet":"max-snippet:-1","max-image-preview":"max-image-preview:large","max-video-preview":"max-video-preview:-1"},"canonical":"https:\/\/biston-plin.com\/index.php\/plin-u-bocama\/","og_locale":"hr_HR","og_type":"article","og_title":"G.S. PLIN d.o.o. - Biston plin | PLIN U BOCAMA","og_description":"Propan-butan plin u bocama primjenjiv je posvuda gdje je potrebna fleksibilna i lako prenosiva energija, a jednostavno se i sigurno distribuira do najudaljenijih mjesta. Na hrvatskom tr\u017ei\u0161tu postoji \u0161irok spektar plinskih boca razli\u010ditih oblika i veli\u010dina, ovisno o kapacitetu punjenja i primjeni: 2 kg, 3 kg, 5 kg (kamping), 7,5 kg, 10 kg i 35...","og_url":"https:\/\/biston-plin.com\/index.php\/plin-u-bocama\/","og_site_name":"G.S. PLIN d.o.o. - Biston plin","article_modified_time":"2019-11-05T19:06:47+00:00","og_image":[{"width":1600,"height":777,"url":"https:\/\/biston-plin.com\/wp-content\/uploads\/2019\/11\/Plin.jpg","type":"image\/jpeg"}],"twitter_card":"summary","schema":{"@context":"https:\/\/schema.org","@graph":[{"@type":"WebPage","@id":"https:\/\/biston-plin.com\/index.php\/plin-u-bocama\/","url":"https:\/\/biston-plin.com\/index.php\/plin-u-bocama\/","name":"G.S. PLIN d.o.o. - Biston plin | PLIN U BOCAMA","isPartOf":{"@id":"https:\/\/biston-plin.com\/#website"},"datePublished":"2015-09-06T14:06:25+00:00","dateModified":"2019-11-05T19:06:47+00:00","breadcrumb":{"@id":"https:\/\/biston-plin.com\/index.php\/plin-u-bocama\/#breadcrumb"},"inLanguage":"hr","potentialAction":[{"@type":"ReadAction","target":["https:\/\/biston-plin.com\/index.php\/plin-u-bocama\/"]}]},{"@type":"BreadcrumbList","@id":"https:\/\/biston-plin.com\/index.php\/plin-u-bocama\/#breadcrumb","itemListElement":[{"@type":"ListItem","position":1,"name":"Po\u010detna stranica","item":"https:\/\/biston-plin.com\/"},{"@type":"ListItem","position":2,"name":"PLIN U BOCAMA"}]},{"@type":"WebSite","@id":"https:\/\/biston-plin.com\/#website","url":"https:\/\/biston-plin.com\/","name":"G.S. PLIN d.o.o. - Biston plin","description":"Prodaja i dostava plina","potentialAction":[{"@type":"SearchAction","target":{"@type":"EntryPoint","urlTemplate":"https:\/\/biston-plin.com\/?s={search_term_string}"},"query-input":"required name=search_term_string"}],"inLanguage":"hr"}]}},"_links":{"self":[{"href":"http:\/\/biston-plin.com\/index.php\/wp-json\/wp\/v2\/pages\/54"}],"collection":[{"href":"http:\/\/biston-plin.com\/index.php\/wp-json\/wp\/v2\/pages"}],"about":[{"href":"http:\/\/biston-plin.com\/index.php\/wp-json\/wp\/v2\/types\/page"}],"author":[{"embeddable":true,"href":"http:\/\/biston-plin.com\/index.php\/wp-json\/wp\/v2\/users\/1"}],"replies":[{"embeddable":true,"href":"http:\/\/biston-plin.com\/index.php\/wp-json\/wp\/v2\/comments?post=54"}],"version-history":[{"count":5,"href":"http:\/\/biston-plin.com\/index.php\/wp-json\/wp\/v2\/pages\/54\/revisions"}],"predecessor-version":[{"id":209,"href":"http:\/\/biston-plin.com\/index.php\/wp-json\/wp\/v2\/pages\/54\/revisions\/209"}],"wp:featuredmedia":[{"embeddable":true,"href":"http:\/\/biston-plin.com\/index.php\/wp-json\/wp\/v2\/media\/208"}],"wp:attachment":[{"href":"http:\/\/biston-plin.com\/index.php\/wp-json\/wp\/v2\/media?parent=54"}],"curies":[{"name":"wp","href":"https:\/\/api.w.org\/{rel}","templated":true}]}}