{"id":9,"date":"2015-08-07T16:28:44","date_gmt":"2015-08-07T16:28:44","guid":{"rendered":"http:\/\/biston-plin.com\/?page_id=9"},"modified":"2019-06-30T19:41:15","modified_gmt":"2019-06-30T19:41:15","slug":"naslovnica","status":"publish","type":"page","link":"https:\/\/biston-plin.com\/","title":{"rendered":"Naslovnica"},"content":{"rendered":"","protected":false},"excerpt":{"rendered":"","protected":false},"author":1,"featured_media":0,"parent":0,"menu_order":0,"comment_status":"open","ping_status":"open","template":"page-home.php","meta":[],"yoast_head":"<!-- This site is optimized with the Yoast SEO plugin v19.5.1 - https:\/\/yoast.com\/wordpress\/plugins\/seo\/ -->\n<title>G.S. PLIN d.o.o. - Biston plin | Prodaja i dostava plina<\/title>\n<meta name=\"description\" content=\"G.S PLIN d.o.o. - Biston plin je tvrtka s vi\u0161egodi\u0161njim iskustvom koja se bavi prodajom auto plina, plinskih boca za ku\u0107anstvo, CO2 za ugostitelje te plinskom kamp opremom.\" \/>\n<meta name=\"robots\" content=\"index, follow, max-snippet:-1, max-image-preview:large, max-video-preview:-1\" \/>\n<link rel=\"canonical\" href=\"https:\/\/biston-plin.com\/\" \/>\n<meta property=\"og:locale\" content=\"hr_HR\" \/>\n<meta property=\"og:type\" content=\"article\" \/>\n<meta property=\"og:title\" content=\"G.S. PLIN d.o.o. - Biston plin | Prodaja i dostava plina\" \/>\n<meta property=\"og:description\" content=\"G.S PLIN d.o.o. - Biston plin je tvrtka s vi\u0161egodi\u0161njim iskustvom koja se bavi prodajom auto plina, plinskih boca za ku\u0107anstvo, CO2 za ugostitelje te plinskom kamp opremom.\" \/>\n<meta property=\"og:url\" content=\"https:\/\/biston-plin.com\/\" \/>\n<meta property=\"og:site_name\" content=\"G.S. PLIN d.o.o. - Biston plin\" \/>\n<meta property=\"article:modified_time\" content=\"2019-06-30T19:41:15+00:00\" \/>\n<meta name=\"twitter:card\" content=\"summary\" \/>\n<script type=\"application\/ld+json\" class=\"yoast-schema-graph\">{\"@context\":\"https:\/\/schema.org\",\"@graph\":[{\"@type\":\"WebPage\",\"@id\":\"https:\/\/biston-plin.com\/\",\"url\":\"https:\/\/biston-plin.com\/\",\"name\":\"G.S. PLIN d.o.o. - Biston plin | Prodaja i dostava plina\",\"isPartOf\":{\"@id\":\"https:\/\/biston-plin.com\/#website\"},\"datePublished\":\"2015-08-07T16:28:44+00:00\",\"dateModified\":\"2019-06-30T19:41:15+00:00\",\"description\":\"G.S PLIN d.o.o. - Biston plin je tvrtka s vi\u0161egodi\u0161njim iskustvom koja se bavi prodajom auto plina, plinskih boca za ku\u0107anstvo, CO2 za ugostitelje te plinskom kamp opremom.\",\"breadcrumb\":{\"@id\":\"https:\/\/biston-plin.com\/#breadcrumb\"},\"inLanguage\":\"hr\",\"potentialAction\":[{\"@type\":\"ReadAction\",\"target\":[\"https:\/\/biston-plin.com\/\"]}]},{\"@type\":\"BreadcrumbList\",\"@id\":\"https:\/\/biston-plin.com\/#breadcrumb\",\"itemListElement\":[{\"@type\":\"ListItem\",\"position\":1,\"name\":\"Po\u010detna stranica\",\"item\":\"https:\/\/biston-plin.com\/\"},{\"@type\":\"ListItem\",\"position\":2,\"name\":\"Naslovnica\"}]},{\"@type\":\"WebSite\",\"@id\":\"https:\/\/biston-plin.com\/#website\",\"url\":\"https:\/\/biston-plin.com\/\",\"name\":\"G.S. PLIN d.o.o. - Biston plin\",\"description\":\"Prodaja i dostava plina\",\"potentialAction\":[{\"@type\":\"SearchAction\",\"target\":{\"@type\":\"EntryPoint\",\"urlTemplate\":\"https:\/\/biston-plin.com\/?s={search_term_string}\"},\"query-input\":\"required name=search_term_string\"}],\"inLanguage\":\"hr\"}]}<\/script>\n<!-- \/ Yoast SEO plugin. -->","yoast_head_json":{"title":"G.S. PLIN d.o.o. - Biston plin | Prodaja i dostava plina","description":"G.S PLIN d.o.o. - Biston plin je tvrtka s vi\u0161egodi\u0161njim iskustvom koja se bavi prodajom auto plina, plinskih boca za ku\u0107anstvo, CO2 za ugostitelje te plinskom kamp opremom.","robots":{"index":"index","follow":"follow","max-snippet":"max-snippet:-1","max-image-preview":"max-image-preview:large","max-video-preview":"max-video-preview:-1"},"canonical":"https:\/\/biston-plin.com\/","og_locale":"hr_HR","og_type":"article","og_title":"G.S. PLIN d.o.o. - Biston plin | Prodaja i dostava plina","og_description":"G.S PLIN d.o.o. - Biston plin je tvrtka s vi\u0161egodi\u0161njim iskustvom koja se bavi prodajom auto plina, plinskih boca za ku\u0107anstvo, CO2 za ugostitelje te plinskom kamp opremom.","og_url":"https:\/\/biston-plin.com\/","og_site_name":"G.S. PLIN d.o.o. - Biston plin","article_modified_time":"2019-06-30T19:41:15+00:00","twitter_card":"summary","schema":{"@context":"https:\/\/schema.org","@graph":[{"@type":"WebPage","@id":"https:\/\/biston-plin.com\/","url":"https:\/\/biston-plin.com\/","name":"G.S. PLIN d.o.o. - Biston plin | Prodaja i dostava plina","isPartOf":{"@id":"https:\/\/biston-plin.com\/#website"},"datePublished":"2015-08-07T16:28:44+00:00","dateModified":"2019-06-30T19:41:15+00:00","description":"G.S PLIN d.o.o. - Biston plin je tvrtka s vi\u0161egodi\u0161njim iskustvom koja se bavi prodajom auto plina, plinskih boca za ku\u0107anstvo, CO2 za ugostitelje te plinskom kamp opremom.","breadcrumb":{"@id":"https:\/\/biston-plin.com\/#breadcrumb"},"inLanguage":"hr","potentialAction":[{"@type":"ReadAction","target":["https:\/\/biston-plin.com\/"]}]},{"@type":"BreadcrumbList","@id":"https:\/\/biston-plin.com\/#breadcrumb","itemListElement":[{"@type":"ListItem","position":1,"name":"Po\u010detna stranica","item":"https:\/\/biston-plin.com\/"},{"@type":"ListItem","position":2,"name":"Naslovnica"}]},{"@type":"WebSite","@id":"https:\/\/biston-plin.com\/#website","url":"https:\/\/biston-plin.com\/","name":"G.S. PLIN d.o.o. - Biston plin","description":"Prodaja i dostava plina","potentialAction":[{"@type":"SearchAction","target":{"@type":"EntryPoint","urlTemplate":"https:\/\/biston-plin.com\/?s={search_term_string}"},"query-input":"required name=search_term_string"}],"inLanguage":"hr"}]}},"_links":{"self":[{"href":"https:\/\/biston-plin.com\/index.php\/wp-json\/wp\/v2\/pages\/9"}],"collection":[{"href":"https:\/\/biston-plin.com\/index.php\/wp-json\/wp\/v2\/pages"}],"about":[{"href":"https:\/\/biston-plin.com\/index.php\/wp-json\/wp\/v2\/types\/page"}],"author":[{"embeddable":true,"href":"https:\/\/biston-plin.com\/index.php\/wp-json\/wp\/v2\/users\/1"}],"replies":[{"embeddable":true,"href":"https:\/\/biston-plin.com\/index.php\/wp-json\/wp\/v2\/comments?post=9"}],"version-history":[{"count":1,"href":"https:\/\/biston-plin.com\/index.php\/wp-json\/wp\/v2\/pages\/9\/revisions"}],"predecessor-version":[{"id":10,"href":"https:\/\/biston-plin.com\/index.php\/wp-json\/wp\/v2\/pages\/9\/revisions\/10"}],"wp:attachment":[{"href":"https:\/\/biston-plin.com\/index.php\/wp-json\/wp\/v2\/media?parent=9"}],"curies":[{"name":"wp","href":"https:\/\/api.w.org\/{rel}","templated":true}]}}